{"id":367,"date":"2024-07-07T08:23:02","date_gmt":"2024-07-07T08:23:02","guid":{"rendered":"https:\/\/futureimpact.rs\/?page_id=367"},"modified":"2024-07-07T17:38:51","modified_gmt":"2024-07-07T15:38:51","slug":"vesti","status":"publish","type":"page","link":"https:\/\/futureimpact.rs\/en\/vesti\/","title":{"rendered":"News"},"content":{"rendered":"<p>[et_pb_section fb_built=&#8220;1&#8243; admin_label=&#8220;Header&#8220; _builder_version=&#8220;4.26.0&#8243; _module_preset=&#8220;default&#8220; use_background_color_gradient=&#8220;on&#8220; background_color_gradient_type=&#8220;circular&#8220; background_color_gradient_direction_radial=&#8220;bottom&#8220; background_color_gradient_stops=&#8220;gcid-64653083-5242-43fe-8dfb-3d72435526c0 0%|gcid-a2ad28b5-d28e-4d1e-9e4d-81a3653a5561 50%|#000000 100%&#8220; background_image=&#8220;https:\/\/futureimpact.rs\/wp-content\/uploads\/2024\/07\/creative-marketing-2.png&#8220; background_size=&#8220;contain&#8220; background_position=&#8220;bottom_center&#8220; custom_margin=&#8220;||||false|false&#8220; custom_padding=&#8220;||7vw||false|false&#8220; background_last_edited=&#8220;on|tablet&#8220; background_mask_aspect_ratio_tablet=&#8220;portrait&#8220; border_radii=&#8220;off|0vw|0vw|1.5vw|1.5vw&#8220; locked=&#8220;off&#8220; collapsed=&#8220;on&#8220; global_colors_info=&#8220;{%22gcid-64653083-5242-43fe-8dfb-3d72435526c0%22:%91%22background_color_gradient_stops%22%93}&#8220;][et_pb_row _builder_version=&#8220;4.21.0&#8243; _module_preset=&#8220;default&#8220; width=&#8220;90%&#8220; max_width=&#8220;800px&#8220; locked=&#8220;off&#8220; global_colors_info=&#8220;{}&#8220;][et_pb_column type=&#8220;4_4&#8243; _builder_version=&#8220;4.21.0&#8243; _module_preset=&#8220;default&#8220; global_colors_info=&#8220;{}&#8220;][et_pb_text _builder_version=&#8220;4.26.0&#8243; _module_preset=&#8220;33254143-410e-46ed-a46b-fbd85593788a&#8220; header_4_text_color=&#8220;gcid-b25270ff-80a4-43b3-b4f7-60812cb04374&#8243; text_orientation=&#8220;center&#8220; global_colors_info=&#8220;{%22gcid-b25270ff-80a4-43b3-b4f7-60812cb04374%22:%91%22header_4_text_color%22%93}&#8220;]<\/p>\n<h4>Future IMPACT<\/h4>\n<p>[\/et_pb_text][et_pb_text _builder_version=&#8220;4.26.0&#8243; _module_preset=&#8220;187736f7-67f0-4740-9495-5b2003998255&#8243; header_text_color=&#8220;#FFFFFF&#8220; text_orientation=&#8220;center&#8220; custom_margin=&#8220;||10px||false|false&#8220; hover_enabled=&#8220;0&#8243; global_colors_info=&#8220;{}&#8220; sticky_enabled=&#8220;0&#8243;]<\/p>\n<h1>News<\/h1>\n<p>[\/et_pb_text][\/et_pb_column][\/et_pb_row][\/et_pb_section][et_pb_section fb_built=&#8220;1&#8243; admin_label=&#8220;Features&#8220; _builder_version=&#8220;4.21.0&#8243; _module_preset=&#8220;default&#8220; background_color=&#8220;RGBA(255,255,255,0)&#8220; custom_margin=&#8220;||||false|false&#8220; locked=&#8220;off&#8220; collapsed=&#8220;on&#8220; global_colors_info=&#8220;{}&#8220;][et_pb_row column_structure=&#8220;2_5,3_5&#8243; _builder_version=&#8220;4.21.0&#8243; _module_preset=&#8220;default&#8220; global_colors_info=&#8220;{}&#8220;][et_pb_column type=&#8220;2_5&#8243; _builder_version=&#8220;4.21.0&#8243; _module_preset=&#8220;default&#8220; global_colors_info=&#8220;{}&#8220;][et_pb_image src=&#8220;https:\/\/futureimpact.rs\/wp-content\/uploads\/2024\/07\/creative-marketing-11.png&#8220; title_text=&#8220;creative-marketing-11&#8243; _builder_version=&#8220;4.26.0&#8243; _module_preset=&#8220;default&#8220; transform_scale=&#8220;90%|90%&#8220; custom_margin=&#8220;-25vw|||-20vw|false|false&#8220; custom_margin_tablet=&#8220;|||0vw|false|false&#8220; custom_margin_phone=&#8220;|||0vw|false|false&#8220; custom_margin_last_edited=&#8220;on|desktop&#8220; global_colors_info=&#8220;{}&#8220;][\/et_pb_image][\/et_pb_column][et_pb_column type=&#8220;3_5&#8243; _builder_version=&#8220;4.21.0&#8243; _module_preset=&#8220;default&#8220; global_colors_info=&#8220;{}&#8220;][et_pb_text _builder_version=&#8220;4.26.0&#8243; _module_preset=&#8220;default&#8220; text_text_color=&#8220;#000000&#8243; global_colors_info=&#8220;{}&#8220;]<\/p>\n<p>Welcome to the page with the latest news and events from our agency! As a young and dynamic marketing agency, we pride ourselves on our innovative approach and the creative campaigns we create for our clients.<\/p>\n<p>Here you will find fresh information about our latest projects, achievements, events, as well as useful tips and tricks from the world of marketing. Follow us and stay up to date with everything we do to help you grow your business!<\/p>\n<p>[\/et_pb_text][\/et_pb_column][\/et_pb_row][et_pb_row _builder_version=&#8220;4.26.0&#8243; _module_preset=&#8220;default&#8220; global_colors_info=&#8220;{}&#8220;][et_pb_column type=&#8220;4_4&#8243; _builder_version=&#8220;4.26.0&#8243; _module_preset=&#8220;default&#8220; global_colors_info=&#8220;{}&#8220;][et_pb_blog include_categories=&#8220;12&#8243; meta_date=&#8220;j. M, Y.&#8220; show_thumbnail=&#8220;off&#8220; show_more=&#8220;on&#8220; show_author=&#8220;off&#8220; show_categories=&#8220;off&#8220; _builder_version=&#8220;4.26.0&#8243; _module_preset=&#8220;default&#8220; header_font=&#8220;|700|||||||&#8220; read_more_font=&#8220;|600|on||||||&#8220; read_more_font_size=&#8220;17px&#8220; global_colors_info=&#8220;{}&#8220;][\/et_pb_blog][\/et_pb_column][\/et_pb_row][\/et_pb_section][et_pb_section fb_built=&#8220;1&#8243; fullwidth=&#8220;on&#8220; module_id=&#8220;press-clipping&#8220; _builder_version=&#8220;4.26.0&#8243; _module_preset=&#8220;default&#8220; global_colors_info=&#8220;{}&#8220;][et_pb_fullwidth_header title=&#8220;Press Clipping&#8220; _builder_version=&#8220;4.26.0&#8243; _module_preset=&#8220;default&#8220; title_font=&#8220;|700|||||||&#8220; title_text_align=&#8220;center&#8220; title_font_size=&#8220;45px&#8220; background_enable_color=&#8220;off&#8220; use_background_color_gradient=&#8220;on&#8220; background_color_gradient_type=&#8220;circular&#8220; background_color_gradient_direction_radial=&#8220;bottom&#8220; background_color_gradient_stops=&#8220;#65c6d2 0%|#222665 50%|#000000 100%&#8220; background_image=&#8220;https:\/\/futureimpact.rs\/wp-content\/uploads\/2024\/07\/Press-Clipping.png&#8220; custom_padding=&#8220;7vw||7vw||true|false&#8220; global_colors_info=&#8220;{}&#8220;][\/et_pb_fullwidth_header][\/et_pb_section][et_pb_section fb_built=&#8220;1&#8243; _builder_version=&#8220;4.26.0&#8243; _module_preset=&#8220;default&#8220; global_colors_info=&#8220;{}&#8220;][et_pb_row _builder_version=&#8220;4.26.0&#8243; _module_preset=&#8220;default&#8220; global_colors_info=&#8220;{}&#8220;][et_pb_column type=&#8220;4_4&#8243; _builder_version=&#8220;4.26.0&#8243; _module_preset=&#8220;default&#8220; global_colors_info=&#8220;{}&#8220;][et_pb_blog include_categories=&#8220;13&#8243; meta_date=&#8220;j. M, Y.&#8220; show_thumbnail=&#8220;off&#8220; show_more=&#8220;on&#8220; show_author=&#8220;off&#8220; show_categories=&#8220;off&#8220; _builder_version=&#8220;4.26.0&#8243; _module_preset=&#8220;default&#8220; header_font=&#8220;|700|||||||&#8220; read_more_font=&#8220;|600|on||||||&#8220; read_more_font_size=&#8220;17px&#8220; global_colors_info=&#8220;{}&#8220;][\/et_pb_blog][\/et_pb_column][\/et_pb_row][\/et_pb_section]<\/p>","protected":false},"excerpt":{"rendered":"<p>Future IMPACTVestiDobrodo\u0161li na stranicu sa najnovijim vestima i de\u0161avanjima iz na\u0161e agencije! Kao mlada i dinami\u010dna marketin\u0161ka agencija, ponosni smo na na\u0161 inovativni pristup i kreativne kampanje koje stvaramo za na\u0161e klijente. Ovde \u0107ete prona\u0107i sve\u017ee informacije o na\u0161im najnovijim projektima, dostignu\u0107ima, doga\u0111ajima, kao i korisne savete i trikove iz sveta marketinga. Pratite nas i [&hellip;]<\/p>","protected":false},"author":2,"featured_media":0,"parent":0,"menu_order":0,"comment_status":"closed","ping_status":"closed","template":"","meta":{"_et_pb_use_builder":"on","_et_pb_old_content":"","_et_gb_content_width":"","footnotes":""},"class_list":["post-367","page","type-page","status-publish","hentry"],"yoast_head":"<!-- This site is optimized with the Yoast SEO plugin v26.8-RC7 - https:\/\/yoast.com\/product\/yoast-seo-wordpress\/ -->\n<title>Vesti - Future Impact<\/title>\n<meta name=\"robots\" content=\"index, follow, max-snippet:-1, max-image-preview:large, max-video-preview:-1\" \/>\n<link rel=\"canonical\" href=\"https:\/\/futureimpact.rs\/en\/vesti\/\" \/>\n<meta property=\"og:locale\" content=\"en_GB\" \/>\n<meta property=\"og:type\" content=\"article\" \/>\n<meta property=\"og:title\" content=\"Vesti - Future Impact\" \/>\n<meta property=\"og:description\" content=\"Future IMPACTVestiDobrodo\u0161li na stranicu sa najnovijim vestima i de\u0161avanjima iz na\u0161e agencije! Kao mlada i dinami\u010dna marketin\u0161ka agencija, ponosni smo na na\u0161 inovativni pristup i kreativne kampanje koje stvaramo za na\u0161e klijente. Ovde \u0107ete prona\u0107i sve\u017ee informacije o na\u0161im najnovijim projektima, dostignu\u0107ima, doga\u0111ajima, kao i korisne savete i trikove iz sveta marketinga. Pratite nas i [&hellip;]\" \/>\n<meta property=\"og:url\" content=\"https:\/\/futureimpact.rs\/en\/vesti\/\" \/>\n<meta property=\"og:site_name\" content=\"Future Impact\" \/>\n<meta property=\"article:modified_time\" content=\"2024-07-07T15:38:51+00:00\" \/>\n<meta property=\"og:image\" content=\"https:\/\/futureimpact.rs\/wp-content\/uploads\/2022\/10\/cropped-cropped-FUTURE-IMPACT.png\" \/>\n\t<meta property=\"og:image:width\" content=\"512\" \/>\n\t<meta property=\"og:image:height\" content=\"512\" \/>\n\t<meta property=\"og:image:type\" content=\"image\/png\" \/>\n<meta name=\"twitter:card\" content=\"summary_large_image\" \/>\n<meta name=\"twitter:label1\" content=\"Estimated reading time\" \/>\n\t<meta name=\"twitter:data1\" content=\"4 minutes\" \/>\n<script type=\"application\/ld+json\" class=\"yoast-schema-graph\">{\"@context\":\"https:\/\/schema.org\",\"@graph\":[{\"@type\":\"WebPage\",\"@id\":\"https:\/\/futureimpact.rs\/vesti\/\",\"url\":\"https:\/\/futureimpact.rs\/vesti\/\",\"name\":\"Vesti - Future Impact\",\"isPartOf\":{\"@id\":\"https:\/\/futureimpact.rs\/#website\"},\"datePublished\":\"2024-07-07T08:23:02+00:00\",\"dateModified\":\"2024-07-07T15:38:51+00:00\",\"breadcrumb\":{\"@id\":\"https:\/\/futureimpact.rs\/vesti\/#breadcrumb\"},\"inLanguage\":\"en-GB\",\"potentialAction\":[{\"@type\":\"ReadAction\",\"target\":[\"https:\/\/futureimpact.rs\/vesti\/\"]}]},{\"@type\":\"BreadcrumbList\",\"@id\":\"https:\/\/futureimpact.rs\/vesti\/#breadcrumb\",\"itemListElement\":[{\"@type\":\"ListItem\",\"position\":1,\"name\":\"Home\",\"item\":\"https:\/\/futureimpact.rs\/\"},{\"@type\":\"ListItem\",\"position\":2,\"name\":\"Vesti\"}]},{\"@type\":\"WebSite\",\"@id\":\"https:\/\/futureimpact.rs\/#website\",\"url\":\"https:\/\/futureimpact.rs\/\",\"name\":\"Future Impact\",\"description\":\"Marketing agencija FUTURE IMPACT - Mesto gde se susre\u0107u inovacija, kreativnost i strategija!\",\"publisher\":{\"@id\":\"https:\/\/futureimpact.rs\/#organization\"},\"potentialAction\":[{\"@type\":\"SearchAction\",\"target\":{\"@type\":\"EntryPoint\",\"urlTemplate\":\"https:\/\/futureimpact.rs\/?s={search_term_string}\"},\"query-input\":{\"@type\":\"PropertyValueSpecification\",\"valueRequired\":true,\"valueName\":\"search_term_string\"}}],\"inLanguage\":\"en-GB\"},{\"@type\":\"Organization\",\"@id\":\"https:\/\/futureimpact.rs\/#organization\",\"name\":\"Future Impact\",\"alternateName\":\"Marketing Agencija - FUTURE IMPACT\",\"url\":\"https:\/\/futureimpact.rs\/\",\"logo\":{\"@type\":\"ImageObject\",\"inLanguage\":\"en-GB\",\"@id\":\"https:\/\/futureimpact.rs\/#\/schema\/logo\/image\/\",\"url\":\"https:\/\/futureimpact.rs\/wp-content\/uploads\/2022\/10\/cropped-FUTURE-IMPACT.png\",\"contentUrl\":\"https:\/\/futureimpact.rs\/wp-content\/uploads\/2022\/10\/cropped-FUTURE-IMPACT.png\",\"width\":595,\"height\":148,\"caption\":\"Future Impact\"},\"image\":{\"@id\":\"https:\/\/futureimpact.rs\/#\/schema\/logo\/image\/\"}}]}<\/script>\n<!-- \/ Yoast SEO plugin. -->","yoast_head_json":{"title":"Vesti - Future Impact","robots":{"index":"index","follow":"follow","max-snippet":"max-snippet:-1","max-image-preview":"max-image-preview:large","max-video-preview":"max-video-preview:-1"},"canonical":"https:\/\/futureimpact.rs\/en\/vesti\/","og_locale":"en_GB","og_type":"article","og_title":"Vesti - Future Impact","og_description":"Future IMPACTVestiDobrodo\u0161li na stranicu sa najnovijim vestima i de\u0161avanjima iz na\u0161e agencije! Kao mlada i dinami\u010dna marketin\u0161ka agencija, ponosni smo na na\u0161 inovativni pristup i kreativne kampanje koje stvaramo za na\u0161e klijente. Ovde \u0107ete prona\u0107i sve\u017ee informacije o na\u0161im najnovijim projektima, dostignu\u0107ima, doga\u0111ajima, kao i korisne savete i trikove iz sveta marketinga. Pratite nas i [&hellip;]","og_url":"https:\/\/futureimpact.rs\/en\/vesti\/","og_site_name":"Future Impact","article_modified_time":"2024-07-07T15:38:51+00:00","og_image":[{"width":512,"height":512,"url":"https:\/\/futureimpact.rs\/wp-content\/uploads\/2022\/10\/cropped-cropped-FUTURE-IMPACT.png","type":"image\/png"}],"twitter_card":"summary_large_image","twitter_misc":{"Estimated reading time":"4 minutes"},"schema":{"@context":"https:\/\/schema.org","@graph":[{"@type":"WebPage","@id":"https:\/\/futureimpact.rs\/vesti\/","url":"https:\/\/futureimpact.rs\/vesti\/","name":"Vesti - Future Impact","isPartOf":{"@id":"https:\/\/futureimpact.rs\/#website"},"datePublished":"2024-07-07T08:23:02+00:00","dateModified":"2024-07-07T15:38:51+00:00","breadcrumb":{"@id":"https:\/\/futureimpact.rs\/vesti\/#breadcrumb"},"inLanguage":"en-GB","potentialAction":[{"@type":"ReadAction","target":["https:\/\/futureimpact.rs\/vesti\/"]}]},{"@type":"BreadcrumbList","@id":"https:\/\/futureimpact.rs\/vesti\/#breadcrumb","itemListElement":[{"@type":"ListItem","position":1,"name":"Home","item":"https:\/\/futureimpact.rs\/"},{"@type":"ListItem","position":2,"name":"Vesti"}]},{"@type":"WebSite","@id":"https:\/\/futureimpact.rs\/#website","url":"https:\/\/futureimpact.rs\/","name":"Future Impact","description":"Marketing agencija FUTURE IMPACT - Mesto gde se susre\u0107u inovacija, kreativnost i strategija!","publisher":{"@id":"https:\/\/futureimpact.rs\/#organization"},"potentialAction":[{"@type":"SearchAction","target":{"@type":"EntryPoint","urlTemplate":"https:\/\/futureimpact.rs\/?s={search_term_string}"},"query-input":{"@type":"PropertyValueSpecification","valueRequired":true,"valueName":"search_term_string"}}],"inLanguage":"en-GB"},{"@type":"Organization","@id":"https:\/\/futureimpact.rs\/#organization","name":"Future Impact","alternateName":"Marketing Agencija - FUTURE IMPACT","url":"https:\/\/futureimpact.rs\/","logo":{"@type":"ImageObject","inLanguage":"en-GB","@id":"https:\/\/futureimpact.rs\/#\/schema\/logo\/image\/","url":"https:\/\/futureimpact.rs\/wp-content\/uploads\/2022\/10\/cropped-FUTURE-IMPACT.png","contentUrl":"https:\/\/futureimpact.rs\/wp-content\/uploads\/2022\/10\/cropped-FUTURE-IMPACT.png","width":595,"height":148,"caption":"Future Impact"},"image":{"@id":"https:\/\/futureimpact.rs\/#\/schema\/logo\/image\/"}}]}},"_links":{"self":[{"href":"https:\/\/futureimpact.rs\/en\/wp-json\/wp\/v2\/pages\/367","targetHints":{"allow":["GET"]}}],"collection":[{"href":"https:\/\/futureimpact.rs\/en\/wp-json\/wp\/v2\/pages"}],"about":[{"href":"https:\/\/futureimpact.rs\/en\/wp-json\/wp\/v2\/types\/page"}],"author":[{"embeddable":true,"href":"https:\/\/futureimpact.rs\/en\/wp-json\/wp\/v2\/users\/2"}],"replies":[{"embeddable":true,"href":"https:\/\/futureimpact.rs\/en\/wp-json\/wp\/v2\/comments?post=367"}],"version-history":[{"count":10,"href":"https:\/\/futureimpact.rs\/en\/wp-json\/wp\/v2\/pages\/367\/revisions"}],"predecessor-version":[{"id":423,"href":"https:\/\/futureimpact.rs\/en\/wp-json\/wp\/v2\/pages\/367\/revisions\/423"}],"wp:attachment":[{"href":"https:\/\/futureimpact.rs\/en\/wp-json\/wp\/v2\/media?parent=367"}],"curies":[{"name":"wp","href":"https:\/\/api.w.org\/{rel}","templated":true}]}}