{"id":163,"date":"2024-07-06T12:18:47","date_gmt":"2024-07-06T12:18:47","guid":{"rendered":"https:\/\/futureimpact.rs\/?page_id=163"},"modified":"2024-07-06T20:42:49","modified_gmt":"2024-07-06T20:42:49","slug":"audio-i-video-produkcija","status":"publish","type":"page","link":"https:\/\/futureimpact.rs\/en\/audio-i-video-produkcija\/","title":{"rendered":"Audio &amp; Video production"},"content":{"rendered":"<p>[et_pb_section fb_built=&#8220;1&#8243; admin_label=&#8220;Header&#8220; _builder_version=&#8220;4.26.0&#8243; _module_preset=&#8220;default&#8220; use_background_color_gradient=&#8220;on&#8220; background_color_gradient_type=&#8220;circular&#8220; background_color_gradient_direction_radial=&#8220;bottom&#8220; background_color_gradient_stops=&#8220;gcid-64653083-5242-43fe-8dfb-3d72435526c0 0%|gcid-a2ad28b5-d28e-4d1e-9e4d-81a3653a5561 50%|#000000 100%&#8220; background_image=&#8220;https:\/\/futureimpact.rs\/wp-content\/uploads\/2024\/07\/creative-marketing-2.png&#8220; background_size=&#8220;contain&#8220; background_position=&#8220;bottom_center&#8220; custom_margin=&#8220;||3vw||false|true&#8220; custom_padding=&#8220;||9vw||false|false&#8220; background_last_edited=&#8220;on|tablet&#8220; background_mask_aspect_ratio_tablet=&#8220;portrait&#8220; border_radii=&#8220;off|||1.5vw|1.5vw&#8220; locked=&#8220;off&#8220; collapsed=&#8220;on&#8220; global_colors_info=&#8220;{%22gcid-64653083-5242-43fe-8dfb-3d72435526c0%22:%91%22background_color_gradient_stops%22%93}&#8220;][et_pb_row _builder_version=&#8220;4.21.0&#8243; _module_preset=&#8220;default&#8220; width=&#8220;90%&#8220; max_width=&#8220;800px&#8220; locked=&#8220;off&#8220; global_colors_info=&#8220;{}&#8220;][et_pb_column type=&#8220;4_4&#8243; _builder_version=&#8220;4.21.0&#8243; _module_preset=&#8220;default&#8220; global_colors_info=&#8220;{}&#8220;][et_pb_text _builder_version=&#8220;4.26.0&#8243; _module_preset=&#8220;25c51a96-0b27-44d3-9c53-393d9eb08842&#8243; header_4_text_color=&#8220;gcid-b25270ff-80a4-43b3-b4f7-60812cb04374&#8243; text_orientation=&#8220;center&#8220; global_colors_info=&#8220;{%22gcid-b25270ff-80a4-43b3-b4f7-60812cb04374%22:%91%22header_4_text_color%22%93}&#8220;]<\/p>\n<h4>Future impact<\/h4>\n<p>[\/et_pb_text][et_pb_text _builder_version=&#8220;4.26.0&#8243; _module_preset=&#8220;dcfcac32-7b67-47b6-844e-eb9561e7878a&#8220; header_text_color=&#8220;#FFFFFF&#8220; header_font_size=&#8220;65px&#8220; text_orientation=&#8220;center&#8220; custom_margin=&#8220;||10px||false|false&#8220; global_colors_info=&#8220;{}&#8220;]<\/p>\n<h1>Audio &amp; Video production<\/h1>\n<p>[\/et_pb_text][et_pb_text _builder_version=&#8220;4.26.0&#8243; _module_preset=&#8220;300ee3c4-1a53-4741-b98d-27fb7e6184b8&#8243; text_text_color=&#8220;#FFFFFF&#8220; text_orientation=&#8220;center&#8220; global_colors_info=&#8220;{}&#8220;]<\/p>\n<p style=\"text-align: center;\">FUTURE IMPACT prides itself on top-notch audio and video production services that help your brand communicate with the audience in an effective and creative way.<br \/>Whether you need help with digital marketing, traditional advertising, or creative solutions, our team of experts is here to assist you.<\/p>\n<p>[\/et_pb_text][et_pb_button button_url=&#8220;#usluge&#8220; button_text=&#8220;Na\u0161e usluge&#8220; button_alignment=&#8220;center&#8220; _builder_version=&#8220;4.26.0&#8243; _module_preset=&#8220;e7b27adb-08a0-4149-943e-25bbbbffafa4&#8243; button_bg_color=&#8220;#1FD7E0&#8243; custom_margin=&#8220;||||false|false&#8220; hover_enabled=&#8220;0&#8243; global_colors_info=&#8220;{}&#8220; sticky_enabled=&#8220;0&#8243;][\/et_pb_button][\/et_pb_column][\/et_pb_row][\/et_pb_section][et_pb_section fb_built=&#8220;1&#8243; admin_label=&#8220;Project&#8220; _builder_version=&#8220;4.26.0&#8243; _module_preset=&#8220;default&#8220; custom_margin=&#8220;||||false|false&#8220; custom_padding=&#8220;0px||||false|false&#8220; collapsed=&#8220;on&#8220; global_colors_info=&#8220;{}&#8220;][et_pb_row column_structure=&#8220;2_5,3_5&#8243; _builder_version=&#8220;4.21.0&#8243; _module_preset=&#8220;default&#8220; global_colors_info=&#8220;{}&#8220;][et_pb_column type=&#8220;2_5&#8243; _builder_version=&#8220;4.21.0&#8243; _module_preset=&#8220;default&#8220; global_colors_info=&#8220;{}&#8220;][et_pb_text _builder_version=&#8220;4.26.0&#8243; _module_preset=&#8220;c5f0ff89-4e9c-4502-a41a-0552bb53785a&#8220; custom_margin=&#8220;||10px||false|false&#8220; global_colors_info=&#8220;{}&#8220;]<\/p>\n<h2>Our services include<\/h2>\n<p>[\/et_pb_text][\/et_pb_column][et_pb_column type=&#8220;3_5&#8243; _builder_version=&#8220;4.21.0&#8243; _module_preset=&#8220;default&#8220; global_colors_info=&#8220;{}&#8220;][et_pb_text _builder_version=&#8220;4.26.0&#8243; _module_preset=&#8220;300ee3c4-1a53-4741-b98d-27fb7e6184b8&#8243; text_text_color=&#8220;#000000&#8243; global_colors_info=&#8220;{}&#8220;]<\/p>\n<ul>\n<li><strong>Commercial production:<\/strong> We create dynamic and engaging commercials that deliver your message effectively.<br \/><strong><\/strong><\/li>\n<li><strong>Corporate video:<\/strong> We develop professional video materials that represent your company, products, or services.<br \/><strong><\/strong><\/li>\n<li><strong>Animation and graphics:<\/strong> We create animated videos and graphics that visually enrich your communication.<br \/><strong><\/strong><\/li>\n<li><strong>Podcast production:<\/strong> We offer comprehensive podcast production services, from recording to post-production.<\/li>\n<\/ul>\n<p>[\/et_pb_text][\/et_pb_column][\/et_pb_row][et_pb_row column_structure=&#8220;1_2,1_2&#8243; module_id=&#8220;usluge&#8220; _builder_version=&#8220;4.26.0&#8243; _module_preset=&#8220;default&#8220; custom_margin=&#8220;||||false|false&#8220; custom_padding=&#8220;0px||||false|false&#8220; global_colors_info=&#8220;{}&#8220;][et_pb_column type=&#8220;1_2&#8243; _builder_version=&#8220;4.21.0&#8243; _module_preset=&#8220;default&#8220; global_colors_info=&#8220;{}&#8220;][et_pb_image src=&#8220;https:\/\/futureimpact.rs\/wp-content\/uploads\/2024\/07\/audiovideo.jpg&#8220; title_text=&#8220;audio&#038;video&#8220; _builder_version=&#8220;4.26.0&#8243; _module_preset=&#8220;default&#8220; border_radii=&#8220;on|10px|10px|10px|10px&#8220; box_shadow_style=&#8220;preset2&#8243; global_colors_info=&#8220;{}&#8220;][\/et_pb_image][et_pb_text _builder_version=&#8220;4.26.0&#8243; _module_preset=&#8220;default&#8220; header_3_font=&#8220;|600|||||||&#8220; header_3_text_align=&#8220;center&#8220; header_3_text_color=&#8220;#FFFFFF&#8220; header_3_line_height=&#8220;1.6em&#8220; use_background_color_gradient=&#8220;on&#8220; background_color_gradient_type=&#8220;elliptical&#8220; background_color_gradient_stops=&#8220;#65c6d2 0%|#222665 93%&#8220; background_enable_image=&#8220;off&#8220; background_blend=&#8220;overlay&#8220; custom_margin=&#8220;||||false|false&#8220; custom_padding=&#8220;20px|20px|20px|20px|true|true&#8220; header_3_text_shadow_style=&#8220;preset1&#8243; border_radii=&#8220;on|1em|1em|1em|1em&#8220; box_shadow_style=&#8220;preset2&#8243; box_shadow_horizontal=&#8220;12px&#8220; box_shadow_vertical=&#8220;12px&#8220; box_shadow_blur=&#8220;20px&#8220; box_shadow_spread=&#8220;2px&#8220; global_colors_info=&#8220;{}&#8220;]<\/p>\n<h3>We provide a personalized approach to each project, ensuring that the final result aligns with your visions and goals.<\/h3>\n<p>[\/et_pb_text][et_pb_image src=&#8220;https:\/\/futureimpact.rs\/wp-content\/uploads\/2024\/07\/usluge5.jpg&#8220; title_text=&#8220;usluge5&#8243; _builder_version=&#8220;4.26.0&#8243; _module_preset=&#8220;default&#8220; border_radii=&#8220;on|10px|10px|10px|10px&#8220; box_shadow_style=&#8220;preset2&#8243; global_colors_info=&#8220;{}&#8220;][\/et_pb_image][\/et_pb_column][et_pb_column type=&#8220;1_2&#8243; _builder_version=&#8220;4.26.0&#8243; _module_preset=&#8220;default&#8220; global_colors_info=&#8220;{}&#8220;][et_pb_image src=&#8220;https:\/\/futureimpact.rs\/wp-content\/uploads\/2024\/07\/usluge4.jpg&#8220; title_text=&#8220;usluge4&#8243; _builder_version=&#8220;4.26.0&#8243; _module_preset=&#8220;default&#8220; border_radii=&#8220;on|10px|10px|10px|10px&#8220; box_shadow_style=&#8220;preset2&#8243; global_colors_info=&#8220;{}&#8220;][\/et_pb_image][\/et_pb_column][\/et_pb_row][\/et_pb_section]<\/p>","protected":false},"excerpt":{"rendered":"<p>Future impactAudio i Video produkcijaFUTURE IMPACT se ponosi vrhunskim uslugama audio i video produkcije koje poma\u017eu va\u0161em brendu\/kompaniji i\/ili projektu da komunicira sa publikom na efektivan i kreativan na\u010din.Na\u0161 tim koristi najnoviju tehnologiju i tehniku kako bi proizveo sadr\u017eaj koji ne samo da izgleda i zvu\u010di odli\u010dno, ve\u0107 i ispunjava sve va\u0161e poslovne ciljeve.Na\u0161e usluge [&hellip;]<\/p>","protected":false},"author":2,"featured_media":0,"parent":0,"menu_order":0,"comment_status":"closed","ping_status":"closed","template":"","meta":{"_et_pb_use_builder":"on","_et_pb_old_content":"","_et_gb_content_width":"","footnotes":""},"class_list":["post-163","page","type-page","status-publish","hentry"],"yoast_head":"<!-- This site is optimized with the Yoast SEO plugin v26.8-RC7 - https:\/\/yoast.com\/product\/yoast-seo-wordpress\/ -->\n<title>Audio i Video produkcija - Future Impact<\/title>\n<meta name=\"robots\" content=\"index, follow, max-snippet:-1, max-image-preview:large, max-video-preview:-1\" \/>\n<link rel=\"canonical\" href=\"https:\/\/futureimpact.rs\/en\/audio-i-video-produkcija\/\" \/>\n<meta property=\"og:locale\" content=\"en_GB\" \/>\n<meta property=\"og:type\" content=\"article\" \/>\n<meta property=\"og:title\" content=\"Audio i Video produkcija - Future Impact\" \/>\n<meta property=\"og:description\" content=\"Future impactAudio i Video produkcijaFUTURE IMPACT se ponosi vrhunskim uslugama audio i video produkcije koje poma\u017eu va\u0161em brendu\/kompaniji i\/ili projektu da komunicira sa publikom na efektivan i kreativan na\u010din.Na\u0161 tim koristi najnoviju tehnologiju i tehniku kako bi proizveo sadr\u017eaj koji ne samo da izgleda i zvu\u010di odli\u010dno, ve\u0107 i ispunjava sve va\u0161e poslovne ciljeve.Na\u0161e usluge [&hellip;]\" \/>\n<meta property=\"og:url\" content=\"https:\/\/futureimpact.rs\/en\/audio-i-video-produkcija\/\" \/>\n<meta property=\"og:site_name\" content=\"Future Impact\" \/>\n<meta property=\"article:modified_time\" content=\"2024-07-06T20:42:49+00:00\" \/>\n<meta property=\"og:image\" content=\"https:\/\/futureimpact.rs\/wp-content\/uploads\/2022\/10\/cropped-cropped-FUTURE-IMPACT.png\" \/>\n\t<meta property=\"og:image:width\" content=\"512\" \/>\n\t<meta property=\"og:image:height\" content=\"512\" \/>\n\t<meta property=\"og:image:type\" content=\"image\/png\" \/>\n<meta name=\"twitter:card\" content=\"summary_large_image\" \/>\n<meta name=\"twitter:label1\" content=\"Estimated reading time\" \/>\n\t<meta name=\"twitter:data1\" content=\"4 minutes\" \/>\n<script type=\"application\/ld+json\" class=\"yoast-schema-graph\">{\"@context\":\"https:\/\/schema.org\",\"@graph\":[{\"@type\":\"WebPage\",\"@id\":\"https:\/\/futureimpact.rs\/audio-i-video-produkcija\/\",\"url\":\"https:\/\/futureimpact.rs\/audio-i-video-produkcija\/\",\"name\":\"Audio i Video produkcija - Future Impact\",\"isPartOf\":{\"@id\":\"https:\/\/futureimpact.rs\/#website\"},\"datePublished\":\"2024-07-06T12:18:47+00:00\",\"dateModified\":\"2024-07-06T20:42:49+00:00\",\"breadcrumb\":{\"@id\":\"https:\/\/futureimpact.rs\/audio-i-video-produkcija\/#breadcrumb\"},\"inLanguage\":\"en-GB\",\"potentialAction\":[{\"@type\":\"ReadAction\",\"target\":[\"https:\/\/futureimpact.rs\/audio-i-video-produkcija\/\"]}]},{\"@type\":\"BreadcrumbList\",\"@id\":\"https:\/\/futureimpact.rs\/audio-i-video-produkcija\/#breadcrumb\",\"itemListElement\":[{\"@type\":\"ListItem\",\"position\":1,\"name\":\"Home\",\"item\":\"https:\/\/futureimpact.rs\/\"},{\"@type\":\"ListItem\",\"position\":2,\"name\":\"Audio i Video produkcija\"}]},{\"@type\":\"WebSite\",\"@id\":\"https:\/\/futureimpact.rs\/#website\",\"url\":\"https:\/\/futureimpact.rs\/\",\"name\":\"Future Impact\",\"description\":\"Marketing agencija FUTURE IMPACT - Mesto gde se susre\u0107u inovacija, kreativnost i strategija!\",\"publisher\":{\"@id\":\"https:\/\/futureimpact.rs\/#organization\"},\"potentialAction\":[{\"@type\":\"SearchAction\",\"target\":{\"@type\":\"EntryPoint\",\"urlTemplate\":\"https:\/\/futureimpact.rs\/?s={search_term_string}\"},\"query-input\":{\"@type\":\"PropertyValueSpecification\",\"valueRequired\":true,\"valueName\":\"search_term_string\"}}],\"inLanguage\":\"en-GB\"},{\"@type\":\"Organization\",\"@id\":\"https:\/\/futureimpact.rs\/#organization\",\"name\":\"Future Impact\",\"alternateName\":\"Marketing Agencija - FUTURE IMPACT\",\"url\":\"https:\/\/futureimpact.rs\/\",\"logo\":{\"@type\":\"ImageObject\",\"inLanguage\":\"en-GB\",\"@id\":\"https:\/\/futureimpact.rs\/#\/schema\/logo\/image\/\",\"url\":\"https:\/\/futureimpact.rs\/wp-content\/uploads\/2022\/10\/cropped-FUTURE-IMPACT.png\",\"contentUrl\":\"https:\/\/futureimpact.rs\/wp-content\/uploads\/2022\/10\/cropped-FUTURE-IMPACT.png\",\"width\":595,\"height\":148,\"caption\":\"Future Impact\"},\"image\":{\"@id\":\"https:\/\/futureimpact.rs\/#\/schema\/logo\/image\/\"}}]}<\/script>\n<!-- \/ Yoast SEO plugin. -->","yoast_head_json":{"title":"Audio i Video produkcija - Future Impact","robots":{"index":"index","follow":"follow","max-snippet":"max-snippet:-1","max-image-preview":"max-image-preview:large","max-video-preview":"max-video-preview:-1"},"canonical":"https:\/\/futureimpact.rs\/en\/audio-i-video-produkcija\/","og_locale":"en_GB","og_type":"article","og_title":"Audio i Video produkcija - Future Impact","og_description":"Future impactAudio i Video produkcijaFUTURE IMPACT se ponosi vrhunskim uslugama audio i video produkcije koje poma\u017eu va\u0161em brendu\/kompaniji i\/ili projektu da komunicira sa publikom na efektivan i kreativan na\u010din.Na\u0161 tim koristi najnoviju tehnologiju i tehniku kako bi proizveo sadr\u017eaj koji ne samo da izgleda i zvu\u010di odli\u010dno, ve\u0107 i ispunjava sve va\u0161e poslovne ciljeve.Na\u0161e usluge [&hellip;]","og_url":"https:\/\/futureimpact.rs\/en\/audio-i-video-produkcija\/","og_site_name":"Future Impact","article_modified_time":"2024-07-06T20:42:49+00:00","og_image":[{"width":512,"height":512,"url":"https:\/\/futureimpact.rs\/wp-content\/uploads\/2022\/10\/cropped-cropped-FUTURE-IMPACT.png","type":"image\/png"}],"twitter_card":"summary_large_image","twitter_misc":{"Estimated reading time":"4 minutes"},"schema":{"@context":"https:\/\/schema.org","@graph":[{"@type":"WebPage","@id":"https:\/\/futureimpact.rs\/audio-i-video-produkcija\/","url":"https:\/\/futureimpact.rs\/audio-i-video-produkcija\/","name":"Audio i Video produkcija - Future Impact","isPartOf":{"@id":"https:\/\/futureimpact.rs\/#website"},"datePublished":"2024-07-06T12:18:47+00:00","dateModified":"2024-07-06T20:42:49+00:00","breadcrumb":{"@id":"https:\/\/futureimpact.rs\/audio-i-video-produkcija\/#breadcrumb"},"inLanguage":"en-GB","potentialAction":[{"@type":"ReadAction","target":["https:\/\/futureimpact.rs\/audio-i-video-produkcija\/"]}]},{"@type":"BreadcrumbList","@id":"https:\/\/futureimpact.rs\/audio-i-video-produkcija\/#breadcrumb","itemListElement":[{"@type":"ListItem","position":1,"name":"Home","item":"https:\/\/futureimpact.rs\/"},{"@type":"ListItem","position":2,"name":"Audio i Video produkcija"}]},{"@type":"WebSite","@id":"https:\/\/futureimpact.rs\/#website","url":"https:\/\/futureimpact.rs\/","name":"Future Impact","description":"Marketing agencija FUTURE IMPACT - Mesto gde se susre\u0107u inovacija, kreativnost i strategija!","publisher":{"@id":"https:\/\/futureimpact.rs\/#organization"},"potentialAction":[{"@type":"SearchAction","target":{"@type":"EntryPoint","urlTemplate":"https:\/\/futureimpact.rs\/?s={search_term_string}"},"query-input":{"@type":"PropertyValueSpecification","valueRequired":true,"valueName":"search_term_string"}}],"inLanguage":"en-GB"},{"@type":"Organization","@id":"https:\/\/futureimpact.rs\/#organization","name":"Future Impact","alternateName":"Marketing Agencija - FUTURE IMPACT","url":"https:\/\/futureimpact.rs\/","logo":{"@type":"ImageObject","inLanguage":"en-GB","@id":"https:\/\/futureimpact.rs\/#\/schema\/logo\/image\/","url":"https:\/\/futureimpact.rs\/wp-content\/uploads\/2022\/10\/cropped-FUTURE-IMPACT.png","contentUrl":"https:\/\/futureimpact.rs\/wp-content\/uploads\/2022\/10\/cropped-FUTURE-IMPACT.png","width":595,"height":148,"caption":"Future Impact"},"image":{"@id":"https:\/\/futureimpact.rs\/#\/schema\/logo\/image\/"}}]}},"_links":{"self":[{"href":"https:\/\/futureimpact.rs\/en\/wp-json\/wp\/v2\/pages\/163","targetHints":{"allow":["GET"]}}],"collection":[{"href":"https:\/\/futureimpact.rs\/en\/wp-json\/wp\/v2\/pages"}],"about":[{"href":"https:\/\/futureimpact.rs\/en\/wp-json\/wp\/v2\/types\/page"}],"author":[{"embeddable":true,"href":"https:\/\/futureimpact.rs\/en\/wp-json\/wp\/v2\/users\/2"}],"replies":[{"embeddable":true,"href":"https:\/\/futureimpact.rs\/en\/wp-json\/wp\/v2\/comments?post=163"}],"version-history":[{"count":13,"href":"https:\/\/futureimpact.rs\/en\/wp-json\/wp\/v2\/pages\/163\/revisions"}],"predecessor-version":[{"id":329,"href":"https:\/\/futureimpact.rs\/en\/wp-json\/wp\/v2\/pages\/163\/revisions\/329"}],"wp:attachment":[{"href":"https:\/\/futureimpact.rs\/en\/wp-json\/wp\/v2\/media?parent=163"}],"curies":[{"name":"wp","href":"https:\/\/api.w.org\/{rel}","templated":true}]}}